{"id":18,"date":"2022-05-22T10:19:34","date_gmt":"2022-05-22T08:19:34","guid":{"rendered":"http:\/\/croixrf.cluster031.hosting.ovh.net\/?page_id=18"},"modified":"2025-03-02T15:17:02","modified_gmt":"2025-03-02T14:17:02","slug":"slmp","status":"publish","type":"page","link":"https:\/\/www.croixrouge-jette.be\/nl\/services\/slmp\/","title":{"rendered":"Uitleendienst"},"content":{"rendered":"<div class=\"wp-block-columns alignwide are-vertically-aligned-center is-layout-flex wp-container-core-columns-is-layout-28f84493 wp-block-columns-is-layout-flex\">\n<div class=\"wp-block-column is-vertically-aligned-center is-layout-flow wp-block-column-is-layout-flow\">\n<p class=\"has-text-align-right\"><a href=\".\/..\/..\">\u2302 Home<\/a> &gt; <a href=\"\/nl\/.\/..\/\">Diensten<\/a><\/p>\n<\/div>\n<\/div>\n\n\n\n<div class=\"wp-block-group is-content-justification-right is-layout-flex wp-container-core-group-is-layout-a7f99caf wp-block-group-is-layout-flex\">\n<p class=\"has-text-color\" style=\"color:#ed1c24\"><strong><mark style=\"background-color:rgba(0, 0, 0, 0);color:#ed1c24\" class=\"has-inline-color\">Contact :<\/mark><\/strong><\/p>\n\n\n\n<p><em>Christine BARRA<\/em><\/p>\n\n\n\n<p><strong><mark style=\"background-color:rgba(0, 0, 0, 0)\" class=\"has-inline-color has-cyan-bluish-gray-color\">|<\/mark><\/strong><\/p>\n\n\n\n<p>+32 493 40 01 55<\/p>\n\n\n\n<p><strong><mark style=\"background-color:rgba(0, 0, 0, 0)\" class=\"has-inline-color has-cyan-bluish-gray-color\">|<\/mark><\/strong><\/p>\n\n\n\n<p><\/p>\n<\/div>\n\n\n\n<hr class=\"wp-block-separator has-css-opacity is-style-wide\"\/>\n\n\n\n<div class=\"wp-block-columns are-vertically-aligned-center is-layout-flex wp-container-core-columns-is-layout-28f84493 wp-block-columns-is-layout-flex\">\n<div class=\"wp-block-column is-vertically-aligned-center is-layout-flow wp-block-column-is-layout-flow\">\n<p>Le Service de Pr\u00eat de Mat\u00e9riel Sanitaire (SPMS) a pour but d&rsquo;accroitre l&rsquo;autonomie et l&rsquo;ind\u00e9pendance des personnes limit\u00e9es par un handicap.<\/p>\n\n\n\n<p>Ce service offre de nombreuses possibilit\u00e9s pour aider les personnes \u00e0 leur sortie de l&rsquo;h\u00f4pital o\u00f9 vivant avec un handicap, m\u00eame l\u00e9ger : de la paire de b\u00e9quilles au fauteuil roulant, en passant par la chaise perc\u00e9e.<\/p>\n\n\n\n<p>Cette activit\u00e9 est g\u00e9r\u00e9e au niveau local et est r\u00e9mun\u00e9ratrice. Ce surplus permet aux volontaires de la Croix-Rouge de Belgique de financer diverses activit\u00e9s sociales mises en \u0153uvre au niveau de leur commune !<\/p>\n<\/div>\n\n\n\n<div class=\"wp-block-column is-vertically-aligned-center is-layout-flow wp-block-column-is-layout-flow\"><div class=\"wp-block-image\">\n<figure class=\"alignright size-full\"><img loading=\"lazy\" decoding=\"async\" width=\"640\" height=\"558\" src=\"http:\/\/croixrf.cluster031.hosting.ovh.net\/wp-content\/uploads\/2022\/05\/wheelchair-gee753d4b3_640.png\" alt=\"\" class=\"wp-image-85\" srcset=\"https:\/\/www.croixrouge-jette.be\/wp-content\/uploads\/2022\/05\/wheelchair-gee753d4b3_640.png 640w, https:\/\/www.croixrouge-jette.be\/wp-content\/uploads\/2022\/05\/wheelchair-gee753d4b3_640-300x262.png 300w\" sizes=\"auto, (max-width: 640px) 100vw, 640px\" \/><\/figure>\n<\/div><\/div>\n<\/div>\n\n\n\n<p><strong>En pratique<\/strong><br>Pour louer du mat\u00e9riel, vous pouvez t\u00e9l\u00e9phoner \u00e0 la responsable, t\u00e9l\u00e9phone et mail en haut de cette page, qui fixera avec vous un rendez-vous pour r\u00e9pondre au mieux \u00e0 votre besoin.<\/p>\n\n\n\nVous pouvez aussi consulter notre tarif sur la page <a href=\"\/nl\/.\/tarifs\/\">Tarifs<\/a>\n\n\n\n<div style=\"height:100px\" aria-hidden=\"true\" class=\"wp-block-spacer\"><\/div>","protected":false},"excerpt":{"rendered":"<p>Le Service de Pr\u00eat de Mat\u00e9riel Sanitaire (SPMS) a pour but d&rsquo;accroitre l&rsquo;autonomie et l&rsquo;ind\u00e9pendance des personnes limit\u00e9es par un handicap. Ce service offre de nombreuses possibilit\u00e9s pour aider les personnes \u00e0 leur sortie de l&rsquo;h\u00f4pital o\u00f9 vivant avec un handicap, m\u00eame l\u00e9ger : de la paire de b\u00e9quilles au [&hellip;]<\/p>","protected":false},"author":4,"featured_media":739,"parent":12,"menu_order":2,"comment_status":"closed","ping_status":"closed","template":"","meta":{"footnotes":""},"class_list":["post-18","page","type-page","status-publish","has-post-thumbnail","hentry"],"_links":{"self":[{"href":"https:\/\/www.croixrouge-jette.be\/nl\/wp-json\/wp\/v2\/pages\/18","targetHints":{"allow":["GET"]}}],"collection":[{"href":"https:\/\/www.croixrouge-jette.be\/nl\/wp-json\/wp\/v2\/pages"}],"about":[{"href":"https:\/\/www.croixrouge-jette.be\/nl\/wp-json\/wp\/v2\/types\/page"}],"author":[{"embeddable":true,"href":"https:\/\/www.croixrouge-jette.be\/nl\/wp-json\/wp\/v2\/users\/4"}],"replies":[{"embeddable":true,"href":"https:\/\/www.croixrouge-jette.be\/nl\/wp-json\/wp\/v2\/comments?post=18"}],"version-history":[{"count":9,"href":"https:\/\/www.croixrouge-jette.be\/nl\/wp-json\/wp\/v2\/pages\/18\/revisions"}],"predecessor-version":[{"id":623,"href":"https:\/\/www.croixrouge-jette.be\/nl\/wp-json\/wp\/v2\/pages\/18\/revisions\/623"}],"up":[{"embeddable":true,"href":"https:\/\/www.croixrouge-jette.be\/nl\/wp-json\/wp\/v2\/pages\/12"}],"wp:featuredmedia":[{"embeddable":true,"href":"https:\/\/www.croixrouge-jette.be\/nl\/wp-json\/wp\/v2\/media\/739"}],"wp:attachment":[{"href":"https:\/\/www.croixrouge-jette.be\/nl\/wp-json\/wp\/v2\/media?parent=18"}],"curies":[{"name":"wp","href":"https:\/\/api.w.org\/{rel}","templated":true}]}}