{"id":13,"date":"2022-05-22T10:19:34","date_gmt":"2022-05-22T08:19:34","guid":{"rendered":"http:\/\/croixrf.cluster031.hosting.ovh.net\/?page_id=13"},"modified":"2025-12-08T10:42:37","modified_gmt":"2025-12-08T09:42:37","slug":"contact","status":"publish","type":"page","link":"https:\/\/www.croixrouge-jette.be\/nl\/contact\/","title":{"rendered":"Contact"},"content":{"rendered":"<div class=\"wp-block-columns alignwide is-layout-flex wp-container-core-columns-is-layout-28f84493 wp-block-columns-is-layout-flex\">\n<div class=\"wp-block-column is-vertically-aligned-center is-layout-flow wp-block-column-is-layout-flow\">\n<p class=\"has-text-align-right\"><a href=\"\/nl\/.\/..\/\" data-type=\"URL\" data-id=\".\/..\">\u2302 Home<\/a> <\/p>\n\n\n\n<p><\/p>\n<\/div>\n<\/div>\n\n\n\n<hr class=\"wp-block-separator has-alpha-channel-opacity is-style-wide\"\/>\n\n\n\n<div class=\"wp-block-columns is-layout-flex wp-container-core-columns-is-layout-28f84493 wp-block-columns-is-layout-flex\">\n<div class=\"wp-block-column is-layout-flow wp-block-column-is-layout-flow\" style=\"flex-basis:100%\">\n<div class=\"wp-block-columns are-vertically-aligned-center is-layout-flex wp-container-core-columns-is-layout-28f84493 wp-block-columns-is-layout-flex\">\n<div class=\"wp-block-column is-vertically-aligned-center is-layout-flow wp-block-column-is-layout-flow\">\n<br><iframe loading=\"lazy\" style=\"border: 0;\" src=\"https:\/\/www.google.com\/maps\/embed?pb=!1m18!1m12!1m3!1d2517.579320971687!2d4.32523701593478!3d50.875987364491685!2m3!1f0!2f0!3f0!3m2!1i1024!2i768!4f13.1!3m3!1m2!1s0x47c3c3c493f2cd4f%3A0x336c0e8dd4c001eb!2sRue%20L%C3%A9on%20Theodor%20108%2C%201090%20Jette!5e0!3m2!1sfr!2sbe!4v1653242566077!5m2!1sfr!2sbe\" allowfullscreen=\"allowfullscreen\" width=\"400\" height=\"300\"><\/iframe><br>\n<\/div>\n\n\n\n<div class=\"wp-block-column is-vertically-aligned-center is-layout-flow wp-block-column-is-layout-flow\">\n<p>L\u00e9on Th\u00e9odorstraat, 108 bus 1, 1090 Jette<\/p>\n\n\n\n<p>Halte \u00ab\u00a0<strong>Lenoir<\/strong>\u00a0\u00bb van de tram 19<br>Halte \u00ab\u00a0<strong>Verbeyst<\/strong>\u00a0\u00bb van de bus 14<\/p>\n<\/div>\n<\/div>\n<\/div>\n<\/div>\n\n\n\n<div class=\"wp-block-group contactBorder\"><div class=\"wp-block-group__inner-container is-layout-flow wp-block-group-is-layout-flow\">\n<h1 class=\"wp-block-heading has-text-align-center has-accent-color has-text-color\">Pr\u00e9sidence<\/h1>\n\n\n\n<div class=\"wp-block-columns is-layout-flex wp-container-core-columns-is-layout-28f84493 wp-block-columns-is-layout-flex\">\n<div class=\"wp-block-column is-vertically-aligned-center is-layout-flow wp-block-column-is-layout-flow\">\n<figure class=\"wp-block-image aligncenter size-full is-resized is-style-rounded\"><img decoding=\"async\" src=\"http:\/\/www.croixrouge-jette.be\/wp-content\/uploads\/2025\/01\/Flo.jpg\" alt=\"\" class=\"wp-image-834\" style=\"width:160px;height:160px\"\/><\/figure>\n<\/div>\n\n\n\n<div class=\"wp-block-column is-vertically-aligned-center is-layout-flow wp-block-column-is-layout-flow\">\n<p><b><div style=\"font-size:2em;line-height:1\">Florence VANDERSMISSEN<\/div><\/b><\/p>\n\n\n\n<p>GSM : +32 (0) 470\/61.92.97<br>Mail : <a href=\"mailto:hestia@croixrouge-jette.be\"><\/a><a href=\"mailto:presidence.sl.jette@croix-rouge.be\" data-type=\"mailto\" data-id=\"mailto:presidence.sl.jette@croix-rouge.be\">presidence.sl.jette@croix-rouge.be<\/a><\/p>\n<\/div>\n<\/div>\n<\/div><\/div>\n\n\n\n<div class=\"wp-block-group contactBorder\"><div class=\"wp-block-group__inner-container is-layout-flow wp-block-group-is-layout-flow\">\n<h1 class=\"wp-block-heading has-text-align-center has-accent-color has-text-color\">Vice-pr\u00e9sidence<\/h1>\n\n\n\n<div class=\"wp-block-columns is-layout-flex wp-container-core-columns-is-layout-28f84493 wp-block-columns-is-layout-flex\">\n<div class=\"wp-block-column is-vertically-aligned-center is-layout-flow wp-block-column-is-layout-flow\">\n<figure class=\"wp-block-image aligncenter size-full is-resized is-style-rounded\"><img decoding=\"async\" src=\"http:\/\/www.croixrouge-jette.be\/wp-content\/uploads\/2025\/01\/Mali.jpg\" alt=\"\" class=\"wp-image-1088\" style=\"width:160px;height:160px\"\/><\/figure>\n<\/div>\n\n\n\n<div class=\"wp-block-column is-vertically-aligned-center is-layout-flow wp-block-column-is-layout-flow\">\n<p><b><div style=\"font-size:2em;line-height:1\">Malicia VAN ERPS<\/div><\/b><\/p>\n\n\n\n<p>GSM : +32 (0) 497\/06.63.87<br>Mail : <a href=\"mailto:v-presidence.sl.jette@croix-rouge.be\" data-type=\"mailto\" data-id=\"mailto:v-presidence.sl.jette@croix-rouge.be\">v-presidence.sl.jette@croix-rouge.be<\/a><\/p>\n<\/div>\n<\/div>\n<\/div><\/div>\n\n\n\n<div class=\"wp-block-group contactBorder\"><div class=\"wp-block-group__inner-container is-layout-flow wp-block-group-is-layout-flow\">\n<h1 class=\"wp-block-heading has-text-align-center has-accent-color has-text-color\">Secretariaat<\/h1>\n\n\n\n<div class=\"wp-block-columns is-layout-flex wp-container-core-columns-is-layout-28f84493 wp-block-columns-is-layout-flex\">\n<div class=\"wp-block-column is-vertically-aligned-center is-layout-flow wp-block-column-is-layout-flow\">\n<figure class=\"wp-block-image aligncenter size-full is-resized is-style-rounded\"><img loading=\"lazy\" decoding=\"async\" width=\"640\" height=\"640\" src=\"http:\/\/www.croixrouge-jette.be\/wp-content\/uploads\/2022\/05\/blank-profile-picture-g5dd06ab21_640.png\" alt=\"\" class=\"wp-image-92\" style=\"width:160px;height:160px\" srcset=\"https:\/\/www.croixrouge-jette.be\/wp-content\/uploads\/2022\/05\/blank-profile-picture-g5dd06ab21_640.png 640w, https:\/\/www.croixrouge-jette.be\/wp-content\/uploads\/2022\/05\/blank-profile-picture-g5dd06ab21_640-300x300.png 300w, https:\/\/www.croixrouge-jette.be\/wp-content\/uploads\/2022\/05\/blank-profile-picture-g5dd06ab21_640-150x150.png 150w\" sizes=\"auto, (max-width: 640px) 100vw, 640px\" \/><\/figure>\n<\/div>\n\n\n\n<div class=\"wp-block-column is-vertically-aligned-center is-layout-flow wp-block-column-is-layout-flow\">\n<p><b><div style=\"font-size:2em;line-height:1\"><\/div><\/b><\/p>\n\n\n\n<p><br>Mail : <a href=\"mailto:secretariat.sl.jette@croix-rouge.be\" data-type=\"mailto\" data-id=\"mailto:secretariat.sl.jette@croix-rouge.be\">secretariat.sl.jette@croix-rouge.be<\/a><\/p>\n<\/div>\n<\/div>\n<\/div><\/div>\n\n\n\n<div class=\"wp-block-group contactBorder\"><div class=\"wp-block-group__inner-container is-layout-flow wp-block-group-is-layout-flow\">\n<h1 class=\"wp-block-heading has-text-align-center has-accent-color has-text-color\">Schatkist<\/h1>\n\n\n\n<div class=\"wp-block-columns is-layout-flex wp-container-core-columns-is-layout-28f84493 wp-block-columns-is-layout-flex\">\n<div class=\"wp-block-column is-vertically-aligned-center is-layout-flow wp-block-column-is-layout-flow\">\n<figure class=\"wp-block-image aligncenter size-full is-resized is-style-rounded\"><img loading=\"lazy\" decoding=\"async\" width=\"640\" height=\"640\" src=\"http:\/\/www.croixrouge-jette.be\/wp-content\/uploads\/2022\/05\/blank-profile-picture-g5dd06ab21_640.png\" alt=\"\" class=\"wp-image-92\" style=\"width:160px;height:160px\" srcset=\"https:\/\/www.croixrouge-jette.be\/wp-content\/uploads\/2022\/05\/blank-profile-picture-g5dd06ab21_640.png 640w, https:\/\/www.croixrouge-jette.be\/wp-content\/uploads\/2022\/05\/blank-profile-picture-g5dd06ab21_640-300x300.png 300w, https:\/\/www.croixrouge-jette.be\/wp-content\/uploads\/2022\/05\/blank-profile-picture-g5dd06ab21_640-150x150.png 150w\" sizes=\"auto, (max-width: 640px) 100vw, 640px\" \/><\/figure>\n<\/div>\n\n\n\n<div class=\"wp-block-column is-vertically-aligned-center is-layout-flow wp-block-column-is-layout-flow\">\n<p><b><div style=\"font-size:2em;line-height:1\"><\/div><\/b><\/p>\n\n\n\n<p><br>Mail : <a href=\"mailto:tresorerie.sl.jette@croix-rouge.be\" data-type=\"mailto\" data-id=\"mailto:tresorerie.sl.jette@croix-rouge.be\">tresorerie.sl.jette@croix-rouge.be<\/a><\/p>\n<\/div>\n<\/div>\n<\/div><\/div>\n\n\n\n<div class=\"wp-block-group contactBorder\"><div class=\"wp-block-group__inner-container is-layout-flow wp-block-group-is-layout-flow\">\n<h1 class=\"wp-block-heading has-text-align-center has-accent-color has-text-color\">Vorming<\/h1>\n\n\n\n<div class=\"wp-block-columns is-layout-flex wp-container-core-columns-is-layout-28f84493 wp-block-columns-is-layout-flex\">\n<div class=\"wp-block-column is-vertically-aligned-center is-layout-flow wp-block-column-is-layout-flow\">\n<figure class=\"wp-block-image aligncenter size-full is-resized is-style-rounded\"><img decoding=\"async\" src=\"http:\/\/www.croixrouge-jette.be\/wp-content\/uploads\/2022\/05\/blank-profile-picture-g5dd06ab21_640.png\" alt=\"\" class=\"wp-image-834\" style=\"width:160px;height:160px\"\/><\/figure>\n<\/div>\n\n\n\n<div class=\"wp-block-column is-vertically-aligned-center is-layout-flow wp-block-column-is-layout-flow\">\n<p><b><div style=\"font-size:2em;line-height:1\">Theo<\/div><\/b><\/p>\n\n\n\n<p><br>Mail : <a href=\"mailto:f.vandersmissen@volontaires.croix-rouge.be\" data-type=\"mailto\" data-id=\"mailto:fbse.sl.jette@croix-rouge.be\">formation.sl.jette@croix-rouge.be<\/a><\/p>\n<\/div>\n<\/div>\n<\/div><\/div>\n\n\n\n<div class=\"wp-block-group contactBorder\"><div class=\"wp-block-group__inner-container is-layout-flow wp-block-group-is-layout-flow\">\n<h1 class=\"wp-block-heading has-text-align-center has-accent-color has-text-color\">Hulpdienst<\/h1>\n\n\n\n<div class=\"wp-block-columns is-layout-flex wp-container-core-columns-is-layout-28f84493 wp-block-columns-is-layout-flex\">\n<div class=\"wp-block-column is-vertically-aligned-center is-layout-flow wp-block-column-is-layout-flow\">\n<figure class=\"wp-block-image aligncenter size-full is-resized is-style-rounded\"><img decoding=\"async\" src=\"http:\/\/www.croixrouge-jette.be\/wp-content\/uploads\/2022\/05\/blank-profile-picture-g5dd06ab21_640.png\" alt=\"\" class=\"wp-image-1041\" style=\"width:160px;height:160px\"\/><\/figure>\n<\/div>\n\n\n\n<div class=\"wp-block-column is-vertically-aligned-center is-layout-flow wp-block-column-is-layout-flow\">\n<p><b><div style=\"font-size:2em;line-height:1\">C\u00e9line VEKEMAN<\/div><\/b><\/p>\n\n\n\n<p>GSM : +32 (0) 471\/47.44.73<br>Mail : <a href=\"mailto:secours.sl.jette@croix-rouge.be\">secours.sl.jette@croix-rouge.be<\/a><\/p>\n<\/div>\n<\/div>\n<\/div><\/div>\n\n\n\n<div class=\"wp-block-group contactBorder\"><div class=\"wp-block-group__inner-container is-layout-flow wp-block-group-is-layout-flow\">\n<h1 class=\"wp-block-heading has-text-align-center has-accent-color has-text-color\">Verhuur van uitrusting<\/h1>\n\n\n\n<div class=\"wp-block-columns is-layout-flex wp-container-core-columns-is-layout-28f84493 wp-block-columns-is-layout-flex\">\n<div class=\"wp-block-column is-vertically-aligned-center is-layout-flow wp-block-column-is-layout-flow\">\n<figure class=\"wp-block-image aligncenter size-full is-resized is-style-rounded\"><img loading=\"lazy\" decoding=\"async\" width=\"147\" height=\"148\" src=\"http:\/\/www.croixrouge-jette.be\/wp-content\/uploads\/2022\/06\/Chrsitine.jpg\" alt=\"\" class=\"wp-image-973\" style=\"width:160px;height:160px\"\/><\/figure>\n<\/div>\n\n\n\n<div class=\"wp-block-column is-vertically-aligned-center is-layout-flow wp-block-column-is-layout-flow\">\n<p><b><div style=\"font-size:2em;line-height:1\">Chrisitine BARRA<\/div><\/b><\/p>\n\n\n\n<p>GSM : +32 (0) 493\/40.01.55<\/p>\n<\/div>\n<\/div>\n<\/div><\/div>\n\n\n\n<div class=\"wp-block-group contactBorder\"><div class=\"wp-block-group__inner-container is-layout-flow wp-block-group-is-layout-flow\">\n<h1 class=\"wp-block-heading has-text-align-center has-accent-color has-text-color\">Maraudes \/ HoMi<\/h1>\n\n\n\n<div class=\"wp-block-columns is-layout-flex wp-container-core-columns-is-layout-28f84493 wp-block-columns-is-layout-flex\">\n<div class=\"wp-block-column is-vertically-aligned-center is-layout-flow wp-block-column-is-layout-flow\">\n<figure class=\"wp-block-image aligncenter size-full is-resized is-style-rounded\"><img decoding=\"async\" src=\"https:\/\/www.croixrouge-jette.be\/wp-content\/uploads\/2025\/04\/nico_homi.png\" alt=\"\" class=\"wp-image-92\" style=\"width:160px;height:160px\"\/><\/figure>\n<\/div>\n\n\n\n<div class=\"wp-block-column is-vertically-aligned-center is-layout-flow wp-block-column-is-layout-flow\">\n<p><b><div style=\"font-size:2em;line-height:1\">Nicolas BERNARD<\/div><\/b><\/p>\n\n\n\n<p><br>Mail : <a href=\"mailto:homi.sl.jette@croix-rouge.be\">homi.sl.jette@croix-rouge.be<\/a><\/p>\n<\/div>\n<\/div>\n<\/div><\/div>\n\n\n\n<div class=\"wp-block-group contactBorder\"><div class=\"wp-block-group__inner-container is-layout-flow wp-block-group-is-layout-flow\">\n<h1 class=\"wp-block-heading has-text-align-center has-accent-color has-text-color\">Verbindend<\/h1>\n\n\n\n<div class=\"wp-block-columns is-layout-flex wp-container-core-columns-is-layout-28f84493 wp-block-columns-is-layout-flex\">\n<div class=\"wp-block-column is-vertically-aligned-center is-layout-flow wp-block-column-is-layout-flow\">\n<figure class=\"wp-block-image aligncenter size-full is-resized is-style-rounded\"><img decoding=\"async\" src=\"https:\/\/www.croixrouge-jette.be\/wp-content\/uploads\/2025\/03\/profile-reliage.png\" alt=\"\" class=\"wp-image-1093\" style=\"width:160px;height:160px\"\/><\/figure>\n<\/div>\n\n\n\n<div class=\"wp-block-column is-vertically-aligned-center is-layout-flow wp-block-column-is-layout-flow\">\n<p><b><div style=\"font-size:2em;line-height:1\">Abdelaziz EL OUAHABI<\/div><\/b><\/p>\n\n\n\n<p>GSM : +32 (0) 494\/51.65.21<br>Mail : <a href=\"mailto:reliage.sl.jette@croix-rouge.be\">reliage.sl.jette@croix-rouge.be<\/a><\/p>\n<\/div>\n<\/div>\n<\/div><\/div>\n\n\n\n<div class=\"wp-block-group contactBorder\"><div class=\"wp-block-group__inner-container is-layout-flow wp-block-group-is-layout-flow\">\n<h1 class=\"wp-block-heading has-text-align-center has-accent-color has-text-color\">Bloedinzamelingen<\/h1>\n\n\n\n<div class=\"wp-block-columns is-layout-flex wp-container-core-columns-is-layout-28f84493 wp-block-columns-is-layout-flex\">\n<div class=\"wp-block-column is-vertically-aligned-center is-layout-flow wp-block-column-is-layout-flow\">\n<figure class=\"wp-block-image aligncenter size-large is-resized is-style-rounded\"><img loading=\"lazy\" decoding=\"async\" width=\"1024\" height=\"1024\" src=\"http:\/\/croixrf.cluster031.hosting.ovh.net\/wp-content\/uploads\/2022\/07\/Katia-1024x1024.jpg\" alt=\"\" class=\"wp-image-1053\" style=\"width:160px;height:160px\" srcset=\"https:\/\/www.croixrouge-jette.be\/wp-content\/uploads\/2022\/07\/Katia-1024x1024.jpg 1024w, https:\/\/www.croixrouge-jette.be\/wp-content\/uploads\/2022\/07\/Katia-300x300.jpg 300w, https:\/\/www.croixrouge-jette.be\/wp-content\/uploads\/2022\/07\/Katia-150x150.jpg 150w, https:\/\/www.croixrouge-jette.be\/wp-content\/uploads\/2022\/07\/Katia-768x768.jpg 768w, https:\/\/www.croixrouge-jette.be\/wp-content\/uploads\/2022\/07\/Katia-1536x1536.jpg 1536w, https:\/\/www.croixrouge-jette.be\/wp-content\/uploads\/2022\/07\/Katia-2048x2048.jpg 2048w, https:\/\/www.croixrouge-jette.be\/wp-content\/uploads\/2022\/07\/Katia-12x12.jpg 12w\" sizes=\"auto, (max-width: 1024px) 100vw, 1024px\" \/><\/figure>\n<\/div>\n\n\n\n<div class=\"wp-block-column is-vertically-aligned-center is-layout-flow wp-block-column-is-layout-flow\">\n<p><b><div style=\"font-size:2em;line-height:1\">Katia FERREIRA HORTA<\/div><\/b><\/p>\n\n\n\n<p>GSM : +32 (0) 474\/55.64.19<\/p>\n<\/div>\n<\/div>\n<\/div><\/div>\n\n\n\n<div class=\"wp-block-group contactBorder\"><div class=\"wp-block-group__inner-container is-layout-flow wp-block-group-is-layout-flow\">\n<h1 class=\"wp-block-heading has-text-align-center has-accent-color has-text-color\">Jeugd<\/h1>\n\n\n\n<div class=\"wp-block-columns is-layout-flex wp-container-core-columns-is-layout-28f84493 wp-block-columns-is-layout-flex\">\n<div class=\"wp-block-column is-vertically-aligned-center is-layout-flow wp-block-column-is-layout-flow\">\n<figure class=\"wp-block-image aligncenter size-full is-resized is-style-rounded\"><img loading=\"lazy\" decoding=\"async\" width=\"338\" height=\"338\" src=\"http:\/\/croixrf.cluster031.hosting.ovh.net\/wp-content\/uploads\/2022\/05\/Malicia2-768x512-crop-edited.jpg\" alt=\"\" class=\"wp-image-258\" style=\"width:160px;height:160px\" srcset=\"https:\/\/www.croixrouge-jette.be\/wp-content\/uploads\/2022\/05\/Malicia2-768x512-crop-edited.jpg 338w, https:\/\/www.croixrouge-jette.be\/wp-content\/uploads\/2022\/05\/Malicia2-768x512-crop-edited-300x300.jpg 300w, https:\/\/www.croixrouge-jette.be\/wp-content\/uploads\/2022\/05\/Malicia2-768x512-crop-edited-150x150.jpg 150w, https:\/\/www.croixrouge-jette.be\/wp-content\/uploads\/2022\/05\/Malicia2-768x512-crop-edited-100x100.jpg 100w\" sizes=\"auto, (max-width: 338px) 100vw, 338px\" \/><\/figure>\n\n\n\n<figure class=\"wp-block-image aligncenter size-large is-resized is-style-rounded\"><img loading=\"lazy\" decoding=\"async\" width=\"1024\" height=\"1024\" src=\"http:\/\/croixrf.cluster031.hosting.ovh.net\/wp-content\/uploads\/2022\/06\/Marine-1024x1024.jpg\" alt=\"\" class=\"wp-image-1044\" style=\"width:160px;height:160px\" srcset=\"https:\/\/www.croixrouge-jette.be\/wp-content\/uploads\/2022\/06\/Marine-1024x1024.jpg 1024w, https:\/\/www.croixrouge-jette.be\/wp-content\/uploads\/2022\/06\/Marine-300x300.jpg 300w, https:\/\/www.croixrouge-jette.be\/wp-content\/uploads\/2022\/06\/Marine-150x150.jpg 150w, https:\/\/www.croixrouge-jette.be\/wp-content\/uploads\/2022\/06\/Marine-768x768.jpg 768w, https:\/\/www.croixrouge-jette.be\/wp-content\/uploads\/2022\/06\/Marine-1536x1536.jpg 1536w, https:\/\/www.croixrouge-jette.be\/wp-content\/uploads\/2022\/06\/Marine-2048x2048.jpg 2048w\" sizes=\"auto, (max-width: 1024px) 100vw, 1024px\" \/><\/figure>\n<\/div>\n\n\n\n<div class=\"wp-block-column is-vertically-aligned-center is-layout-flow wp-block-column-is-layout-flow\">\n<p><b><\/b><\/p><div style=\"font-size:2em;line-height:1\"><b>Malicia VAN ERPS<\/b><\/div> (verantwoordelijk)<br><b><div style=\"font-size:2em;line-height:1\">Marine VAN ERPS<\/div><\/b> (adjunct)<p><\/p>\n\n\n\n<p>GSM responsable : +32 (0) 497\/06.63.87<br>Mail : <a href=\"mailto:jeunesse.sl.jette@croix-rouge.be\" data-type=\"mailto\" data-id=\"mailto:malicia.vanerps@volontaires.croix-rouge.be\">jeunesse.sl.jette@croix-rouge.be<\/a><\/p>\n<\/div>\n<\/div>\n<\/div><\/div>\n\n\n\n<div class=\"wp-block-group contactBorder\"><div class=\"wp-block-group__inner-container is-layout-flow wp-block-group-is-layout-flow\">\n<h1 class=\"wp-block-heading has-text-align-center has-accent-color has-text-color\">Roaming<\/h1>\n\n\n\n<div class=\"wp-block-columns is-layout-flex wp-container-core-columns-is-layout-28f84493 wp-block-columns-is-layout-flex\">\n<div class=\"wp-block-column is-vertically-aligned-center is-layout-flow wp-block-column-is-layout-flow\">\n<figure class=\"wp-block-image aligncenter size-full is-resized is-style-rounded\"><img loading=\"lazy\" decoding=\"async\" width=\"640\" height=\"640\" src=\"https:\/\/www.croixrouge-jette.be\/wp-content\/uploads\/2022\/05\/blank-profile-picture-g5dd06ab21_640.png\" alt=\"\" class=\"wp-image-92\" style=\"width:160px;height:160px\" srcset=\"https:\/\/www.croixrouge-jette.be\/wp-content\/uploads\/2022\/05\/blank-profile-picture-g5dd06ab21_640.png 640w, https:\/\/www.croixrouge-jette.be\/wp-content\/uploads\/2022\/05\/blank-profile-picture-g5dd06ab21_640-300x300.png 300w, https:\/\/www.croixrouge-jette.be\/wp-content\/uploads\/2022\/05\/blank-profile-picture-g5dd06ab21_640-150x150.png 150w\" sizes=\"auto, (max-width: 640px) 100vw, 640px\" \/><\/figure>\n<\/div>\n\n\n\n<div class=\"wp-block-column is-vertically-aligned-center is-layout-flow wp-block-column-is-layout-flow\">\n<p><b><div style=\"font-size:2em;line-height:1\">Patrick COUSIN<\/div><\/b><\/p>\n\n\n\n<p><br>Mail : <a href=\"mailto:roaming@croixrouge-jette.be\">roaming@croixrouge-jette.be<\/a><\/p>\n<\/div>\n<\/div>\n<\/div><\/div>\n\n\n\n<div style=\"height:100px\" aria-hidden=\"true\" class=\"wp-block-spacer\"><\/div>","protected":false},"excerpt":{"rendered":"<p>Rue L\u00e9on Th\u00e9odor 108 bte 1, 1090 Jette Arr\u00eat \u00ab\u00a0Lenoir\u00a0\u00bb du tram 19Arr\u00eat \u00ab\u00a0Verbeyst\u00a0\u00bb du bus 14 Pr\u00e9sidence Florence VANDERSMISSEN GSM : +32 (0) 470\/61.92.97Mail : presidence.sl.jette@croix-rouge.be Vice-pr\u00e9sidence Malicia VAN ERPS GSM : +32 (0) 497\/06.63.87Mail : v-presidence.sl.jette@croix-rouge.be Secr\u00e9tariat Mail : secretariat.sl.jette@croix-rouge.be Tr\u00e9sorerie Mail : tresorerie.sl.jette@croix-rouge.be Formations Theo Mail : [&hellip;]<\/p>","protected":false},"author":3,"featured_media":412,"parent":0,"menu_order":2,"comment_status":"closed","ping_status":"closed","template":"","meta":{"footnotes":""},"class_list":["post-13","page","type-page","status-publish","has-post-thumbnail","hentry"],"_links":{"self":[{"href":"https:\/\/www.croixrouge-jette.be\/nl\/wp-json\/wp\/v2\/pages\/13","targetHints":{"allow":["GET"]}}],"collection":[{"href":"https:\/\/www.croixrouge-jette.be\/nl\/wp-json\/wp\/v2\/pages"}],"about":[{"href":"https:\/\/www.croixrouge-jette.be\/nl\/wp-json\/wp\/v2\/types\/page"}],"author":[{"embeddable":true,"href":"https:\/\/www.croixrouge-jette.be\/nl\/wp-json\/wp\/v2\/users\/3"}],"replies":[{"embeddable":true,"href":"https:\/\/www.croixrouge-jette.be\/nl\/wp-json\/wp\/v2\/comments?post=13"}],"version-history":[{"count":108,"href":"https:\/\/www.croixrouge-jette.be\/nl\/wp-json\/wp\/v2\/pages\/13\/revisions"}],"predecessor-version":[{"id":1319,"href":"https:\/\/www.croixrouge-jette.be\/nl\/wp-json\/wp\/v2\/pages\/13\/revisions\/1319"}],"wp:featuredmedia":[{"embeddable":true,"href":"https:\/\/www.croixrouge-jette.be\/nl\/wp-json\/wp\/v2\/media\/412"}],"wp:attachment":[{"href":"https:\/\/www.croixrouge-jette.be\/nl\/wp-json\/wp\/v2\/media?parent=13"}],"curies":[{"name":"wp","href":"https:\/\/api.w.org\/{rel}","templated":true}]}}