{"id":12,"date":"2022-05-22T10:19:34","date_gmt":"2022-05-22T08:19:34","guid":{"rendered":"http:\/\/croixrf.cluster031.hosting.ovh.net\/?page_id=12"},"modified":"2025-03-02T15:05:28","modified_gmt":"2025-03-02T14:05:28","slug":"services","status":"publish","type":"page","link":"https:\/\/www.croixrouge-jette.be\/nl\/services\/","title":{"rendered":"Diensten"},"content":{"rendered":"<div class=\"wp-block-columns alignwide is-layout-flex wp-container-core-columns-is-layout-28f84493 wp-block-columns-is-layout-flex\">\n<div class=\"wp-block-column is-vertically-aligned-center is-layout-flow wp-block-column-is-layout-flow\">\n<p class=\"has-text-align-right\"><a href=\"\/nl\/.\/..\/\" data-type=\"URL\" data-id=\".\/..\">\u2302 Home<\/a> <\/p>\n\n\n\n<p><\/p>\n<\/div>\n<\/div>\n\n\n\n<div class=\"wp-block-query is-layout-flow wp-block-query-is-layout-flow\"><ul class=\"wp-block-post-template is-layout-flow wp-block-post-template-is-layout-flow\"><li class=\"wp-block-post post-596 page type-page status-publish has-post-thumbnail hentry\">\n\n<div class=\"wp-block-columns are-vertically-aligned-center is-layout-flex wp-container-core-columns-is-layout-28f84493 wp-block-columns-is-layout-flex\">\n<div class=\"wp-block-column is-vertically-aligned-center is-layout-flow wp-block-column-is-layout-flow\"><figure class=\"wp-block-post-featured-image\"><a href=\"https:\/\/www.croixrouge-jette.be\/nl\/services\/itinerance\/\" target=\"_self\"  ><img loading=\"lazy\" decoding=\"async\" width=\"2560\" height=\"1707\" src=\"https:\/\/www.croixrouge-jette.be\/wp-content\/uploads\/2022\/05\/pexels-brett-sayles-1550131-scaled.jpg\" class=\"attachment-post-thumbnail size-post-thumbnail wp-post-image\" alt=\"Accompagnement des enfants en visite en prison\" style=\"object-fit:cover;\" srcset=\"https:\/\/www.croixrouge-jette.be\/wp-content\/uploads\/2022\/05\/pexels-brett-sayles-1550131-scaled.jpg 2560w, https:\/\/www.croixrouge-jette.be\/wp-content\/uploads\/2022\/05\/pexels-brett-sayles-1550131-300x200.jpg 300w, https:\/\/www.croixrouge-jette.be\/wp-content\/uploads\/2022\/05\/pexels-brett-sayles-1550131-1024x683.jpg 1024w, https:\/\/www.croixrouge-jette.be\/wp-content\/uploads\/2022\/05\/pexels-brett-sayles-1550131-768x512.jpg 768w, https:\/\/www.croixrouge-jette.be\/wp-content\/uploads\/2022\/05\/pexels-brett-sayles-1550131-1536x1024.jpg 1536w, https:\/\/www.croixrouge-jette.be\/wp-content\/uploads\/2022\/05\/pexels-brett-sayles-1550131-2048x1365.jpg 2048w, https:\/\/www.croixrouge-jette.be\/wp-content\/uploads\/2022\/05\/pexels-brett-sayles-1550131-360x240.jpg 360w\" sizes=\"auto, (max-width: 2560px) 100vw, 2560px\" \/><\/a><\/figure><\/div>\n\n\n\n<div class=\"wp-block-column is-vertically-aligned-center is-layout-flow wp-block-column-is-layout-flow\"><h4 class=\"wp-block-post-title\"><a href=\"https:\/\/www.croixrouge-jette.be\/nl\/services\/itinerance\/\" target=\"_self\" >Begeleiden van kinderen op gevangenisbezoek<\/a><\/h4>\n\n<div class=\"wp-block-post-excerpt has-small-font-size\"><p class=\"wp-block-post-excerpt__excerpt\">Pagina in aanbouw. Alle informatie over deze dienst vindt u op de website van het Belgische Rode Kruis: maisons.croix-rouge.be\/accompagnement-enfant-prison\/<\/p><p class=\"wp-block-post-excerpt__more-text\"><a class=\"wp-block-post-excerpt__more-link\" href=\"https:\/\/www.croixrouge-jette.be\/nl\/services\/itinerance\/\">&gt; Lees meer<\/a><\/p><\/div><\/div>\n<\/div>\n\n<\/li><li class=\"wp-block-post post-19 page type-page status-publish has-post-thumbnail hentry\">\n\n<div class=\"wp-block-columns are-vertically-aligned-center is-layout-flex wp-container-core-columns-is-layout-28f84493 wp-block-columns-is-layout-flex\">\n<div class=\"wp-block-column is-vertically-aligned-center is-layout-flow wp-block-column-is-layout-flow\"><figure class=\"wp-block-post-featured-image\"><a href=\"https:\/\/www.croixrouge-jette.be\/nl\/services\/sang\/\" target=\"_self\"  ><img loading=\"lazy\" decoding=\"async\" width=\"2560\" height=\"1440\" src=\"https:\/\/www.croixrouge-jette.be\/wp-content\/uploads\/2022\/05\/pexels-artem-podrez-6823567-scaled.jpg\" class=\"attachment-post-thumbnail size-post-thumbnail wp-post-image\" alt=\"Don de sang\" style=\"object-fit:cover;\" srcset=\"https:\/\/www.croixrouge-jette.be\/wp-content\/uploads\/2022\/05\/pexels-artem-podrez-6823567-scaled.jpg 2560w, https:\/\/www.croixrouge-jette.be\/wp-content\/uploads\/2022\/05\/pexels-artem-podrez-6823567-300x169.jpg 300w, https:\/\/www.croixrouge-jette.be\/wp-content\/uploads\/2022\/05\/pexels-artem-podrez-6823567-1024x576.jpg 1024w, https:\/\/www.croixrouge-jette.be\/wp-content\/uploads\/2022\/05\/pexels-artem-podrez-6823567-768x432.jpg 768w, https:\/\/www.croixrouge-jette.be\/wp-content\/uploads\/2022\/05\/pexels-artem-podrez-6823567-1536x864.jpg 1536w, https:\/\/www.croixrouge-jette.be\/wp-content\/uploads\/2022\/05\/pexels-artem-podrez-6823567-2048x1152.jpg 2048w\" sizes=\"auto, (max-width: 2560px) 100vw, 2560px\" \/><\/a><\/figure><\/div>\n\n\n\n<div class=\"wp-block-column is-vertically-aligned-center is-layout-flow wp-block-column-is-layout-flow\"><h4 class=\"wp-block-post-title\"><a href=\"https:\/\/www.croixrouge-jette.be\/nl\/services\/sang\/\" target=\"_self\" >Bloedinzamelingen<\/a><\/h4>\n\n<div class=\"wp-block-post-excerpt has-small-font-size\"><p class=\"wp-block-post-excerpt__excerpt\">Malgr\u00e9 toutes les technologies actuelles, le sang n&rsquo;a pas encore de substitut chimique et ne peut \u00eatre con\u00e7u artificiellement: il ne se fabrique qu&rsquo;au sein de notre organisme. Mais, comme il s&rsquo;y r\u00e9g\u00e9n\u00e8re r\u00e9guli\u00e8rement, nous pouvons en donner sans craindre de s&rsquo;appauvrir&#8230; Donner du sang, ce n&rsquo;est pas juste une<\/p><p class=\"wp-block-post-excerpt__more-text\"><a class=\"wp-block-post-excerpt__more-link\" href=\"https:\/\/www.croixrouge-jette.be\/nl\/services\/sang\/\">&gt; Lees meer<\/a><\/p><\/div><\/div>\n<\/div>\n\n<\/li><li class=\"wp-block-post post-15 page type-page status-publish has-post-thumbnail hentry\">\n\n<div class=\"wp-block-columns are-vertically-aligned-center is-layout-flex wp-container-core-columns-is-layout-28f84493 wp-block-columns-is-layout-flex\">\n<div class=\"wp-block-column is-vertically-aligned-center is-layout-flow wp-block-column-is-layout-flow\"><figure class=\"wp-block-post-featured-image\"><a href=\"https:\/\/www.croixrouge-jette.be\/nl\/services\/formations\/\" target=\"_self\"  ><img loading=\"lazy\" decoding=\"async\" width=\"2560\" height=\"1707\" src=\"https:\/\/www.croixrouge-jette.be\/wp-content\/uploads\/2022\/05\/pexels-roger-brown-5149759-scaled.jpg\" class=\"attachment-post-thumbnail size-post-thumbnail wp-post-image\" alt=\"Formations\" style=\"object-fit:cover;\" srcset=\"https:\/\/www.croixrouge-jette.be\/wp-content\/uploads\/2022\/05\/pexels-roger-brown-5149759-scaled.jpg 2560w, https:\/\/www.croixrouge-jette.be\/wp-content\/uploads\/2022\/05\/pexels-roger-brown-5149759-300x200.jpg 300w, https:\/\/www.croixrouge-jette.be\/wp-content\/uploads\/2022\/05\/pexels-roger-brown-5149759-1024x683.jpg 1024w, https:\/\/www.croixrouge-jette.be\/wp-content\/uploads\/2022\/05\/pexels-roger-brown-5149759-768x512.jpg 768w, https:\/\/www.croixrouge-jette.be\/wp-content\/uploads\/2022\/05\/pexels-roger-brown-5149759-1536x1024.jpg 1536w, https:\/\/www.croixrouge-jette.be\/wp-content\/uploads\/2022\/05\/pexels-roger-brown-5149759-2048x1365.jpg 2048w, https:\/\/www.croixrouge-jette.be\/wp-content\/uploads\/2022\/05\/pexels-roger-brown-5149759-360x240.jpg 360w\" sizes=\"auto, (max-width: 2560px) 100vw, 2560px\" \/><\/a><\/figure><\/div>\n\n\n\n<div class=\"wp-block-column is-vertically-aligned-center is-layout-flow wp-block-column-is-layout-flow\"><h4 class=\"wp-block-post-title\"><a href=\"https:\/\/www.croixrouge-jette.be\/nl\/services\/formations\/\" target=\"_self\" >Vorming<\/a><\/h4>\n\n<div class=\"wp-block-post-excerpt has-small-font-size\"><p class=\"wp-block-post-excerpt__excerpt\">Quels r\u00e9flexes avoir lorsqu&rsquo;un accident survient dans la rue ou chez soi ? Quels sont les gestes ad\u00e9quats \u00e0 ex\u00e9cuter ? Comment bien g\u00e9rer une situation de panique ? Comment \u00e9viter les erreurs qui, compte tenu des circonstances, peuvent avoir des cons\u00e9quences dramatiques ? Les formations \u00e0 Jette : Le<\/p><p class=\"wp-block-post-excerpt__more-text\"><a class=\"wp-block-post-excerpt__more-link\" href=\"https:\/\/www.croixrouge-jette.be\/nl\/services\/formations\/\">&gt; Lees meer<\/a><\/p><\/div><\/div>\n<\/div>\n\n<\/li><li class=\"wp-block-post post-17 page type-page status-publish has-post-thumbnail hentry\">\n\n<div class=\"wp-block-columns are-vertically-aligned-center is-layout-flex wp-container-core-columns-is-layout-28f84493 wp-block-columns-is-layout-flex\">\n<div class=\"wp-block-column is-vertically-aligned-center is-layout-flow wp-block-column-is-layout-flow\"><figure class=\"wp-block-post-featured-image\"><a href=\"https:\/\/www.croixrouge-jette.be\/nl\/services\/crj\/\" target=\"_self\"  ><img loading=\"lazy\" decoding=\"async\" width=\"2560\" height=\"2072\" src=\"https:\/\/www.croixrouge-jette.be\/wp-content\/uploads\/2022\/05\/pexels-pixabay-42230-scaled.jpg\" class=\"attachment-post-thumbnail size-post-thumbnail wp-post-image\" alt=\"Jeunesse\" style=\"object-fit:cover;\" srcset=\"https:\/\/www.croixrouge-jette.be\/wp-content\/uploads\/2022\/05\/pexels-pixabay-42230-scaled.jpg 2560w, https:\/\/www.croixrouge-jette.be\/wp-content\/uploads\/2022\/05\/pexels-pixabay-42230-300x243.jpg 300w, https:\/\/www.croixrouge-jette.be\/wp-content\/uploads\/2022\/05\/pexels-pixabay-42230-1024x829.jpg 1024w, https:\/\/www.croixrouge-jette.be\/wp-content\/uploads\/2022\/05\/pexels-pixabay-42230-768x622.jpg 768w, https:\/\/www.croixrouge-jette.be\/wp-content\/uploads\/2022\/05\/pexels-pixabay-42230-1536x1243.jpg 1536w, https:\/\/www.croixrouge-jette.be\/wp-content\/uploads\/2022\/05\/pexels-pixabay-42230-2048x1658.jpg 2048w\" sizes=\"auto, (max-width: 2560px) 100vw, 2560px\" \/><\/a><\/figure><\/div>\n\n\n\n<div class=\"wp-block-column is-vertically-aligned-center is-layout-flow wp-block-column-is-layout-flow\"><h4 class=\"wp-block-post-title\"><a href=\"https:\/\/www.croixrouge-jette.be\/nl\/services\/crj\/\" target=\"_self\" >Jeugd<\/a><\/h4>\n\n<div class=\"wp-block-post-excerpt has-small-font-size\"><p class=\"wp-block-post-excerpt__excerpt\">Le service de la jeunesse est destin\u00e9e aux enfants de 10 \u00e0 12 ans. Nous organisons des r\u00e9unions qui se d\u00e9roulent sur un week-end complet de 10h \u00e0 17h.Le but de ce week-end est de former les enfants aux gestes \u00e0 adopter lors de situations d&rsquo;urgence. Ils peuvent obtenir ainsi<\/p><p class=\"wp-block-post-excerpt__more-text\"><a class=\"wp-block-post-excerpt__more-link\" href=\"https:\/\/www.croixrouge-jette.be\/nl\/services\/crj\/\">&gt; Lees meer<\/a><\/p><\/div><\/div>\n<\/div>\n\n<\/li><li class=\"wp-block-post post-16 page type-page status-publish has-post-thumbnail hentry\">\n\n<div class=\"wp-block-columns are-vertically-aligned-center is-layout-flex wp-container-core-columns-is-layout-28f84493 wp-block-columns-is-layout-flex\">\n<div class=\"wp-block-column is-vertically-aligned-center is-layout-flow wp-block-column-is-layout-flow\"><figure class=\"wp-block-post-featured-image\"><a href=\"https:\/\/www.croixrouge-jette.be\/nl\/services\/homi\/\" target=\"_self\"  ><img loading=\"lazy\" decoding=\"async\" width=\"2560\" height=\"1487\" src=\"https:\/\/www.croixrouge-jette.be\/wp-content\/uploads\/2022\/05\/croppexels-angela-roma-7319162-scaled.jpg\" class=\"attachment-post-thumbnail size-post-thumbnail wp-post-image\" alt=\"Maraudes\" style=\"object-fit:cover;\" srcset=\"https:\/\/www.croixrouge-jette.be\/wp-content\/uploads\/2022\/05\/croppexels-angela-roma-7319162-scaled.jpg 2560w, https:\/\/www.croixrouge-jette.be\/wp-content\/uploads\/2022\/05\/croppexels-angela-roma-7319162-300x174.jpg 300w, https:\/\/www.croixrouge-jette.be\/wp-content\/uploads\/2022\/05\/croppexels-angela-roma-7319162-1024x595.jpg 1024w, https:\/\/www.croixrouge-jette.be\/wp-content\/uploads\/2022\/05\/croppexels-angela-roma-7319162-768x446.jpg 768w, https:\/\/www.croixrouge-jette.be\/wp-content\/uploads\/2022\/05\/croppexels-angela-roma-7319162-1536x892.jpg 1536w, https:\/\/www.croixrouge-jette.be\/wp-content\/uploads\/2022\/05\/croppexels-angela-roma-7319162-2048x1190.jpg 2048w\" sizes=\"auto, (max-width: 2560px) 100vw, 2560px\" \/><\/a><\/figure><\/div>\n\n\n\n<div class=\"wp-block-column is-vertically-aligned-center is-layout-flow wp-block-column-is-layout-flow\"><h4 class=\"wp-block-post-title\"><a href=\"https:\/\/www.croixrouge-jette.be\/nl\/services\/homi\/\" target=\"_self\" >Marauding<\/a><\/h4>\n\n<div class=\"wp-block-post-excerpt has-small-font-size\"><p class=\"wp-block-post-excerpt__excerpt\">Les maraudes sont des tourn\u00e9es en rue organis\u00e9es un soir par semaine pour aider les personnes sans-abri. Les volontaires pr\u00e9parent et distribuent des boissons et des denr\u00e9es alimentaires, des produits d&rsquo;hygi\u00e8ne, du mat\u00e9riel de premi\u00e8re n\u00e9cessit\u00e9 en fonction des saisons et des demandes (couvertures, v\u00eatements, brosse \u00e0 dents, &#8230;). C&rsquo;est<\/p><p class=\"wp-block-post-excerpt__more-text\"><a class=\"wp-block-post-excerpt__more-link\" href=\"https:\/\/www.croixrouge-jette.be\/nl\/services\/homi\/\">&gt; Lees meer<\/a><\/p><\/div><\/div>\n<\/div>\n\n<\/li><li class=\"wp-block-post post-18 page type-page status-publish has-post-thumbnail hentry\">\n\n<div class=\"wp-block-columns are-vertically-aligned-center is-layout-flex wp-container-core-columns-is-layout-28f84493 wp-block-columns-is-layout-flex\">\n<div class=\"wp-block-column is-vertically-aligned-center is-layout-flow wp-block-column-is-layout-flow\"><figure class=\"wp-block-post-featured-image\"><a href=\"https:\/\/www.croixrouge-jette.be\/nl\/services\/slmp\/\" target=\"_self\"  ><img loading=\"lazy\" decoding=\"async\" width=\"1920\" height=\"1280\" src=\"https:\/\/www.croixrouge-jette.be\/wp-content\/uploads\/2022\/05\/rollator-3480878_1920.jpg\" class=\"attachment-post-thumbnail size-post-thumbnail wp-post-image\" alt=\"Pr\u00eat de mat\u00e9riel\" style=\"object-fit:cover;\" srcset=\"https:\/\/www.croixrouge-jette.be\/wp-content\/uploads\/2022\/05\/rollator-3480878_1920.jpg 1920w, https:\/\/www.croixrouge-jette.be\/wp-content\/uploads\/2022\/05\/rollator-3480878_1920-300x200.jpg 300w, https:\/\/www.croixrouge-jette.be\/wp-content\/uploads\/2022\/05\/rollator-3480878_1920-1024x683.jpg 1024w, https:\/\/www.croixrouge-jette.be\/wp-content\/uploads\/2022\/05\/rollator-3480878_1920-768x512.jpg 768w, https:\/\/www.croixrouge-jette.be\/wp-content\/uploads\/2022\/05\/rollator-3480878_1920-1536x1024.jpg 1536w, https:\/\/www.croixrouge-jette.be\/wp-content\/uploads\/2022\/05\/rollator-3480878_1920-360x240.jpg 360w\" sizes=\"auto, (max-width: 1920px) 100vw, 1920px\" \/><\/a><\/figure><\/div>\n\n\n\n<div class=\"wp-block-column is-vertically-aligned-center is-layout-flow wp-block-column-is-layout-flow\"><h4 class=\"wp-block-post-title\"><a href=\"https:\/\/www.croixrouge-jette.be\/nl\/services\/slmp\/\" target=\"_self\" >Uitleendienst<\/a><\/h4>\n\n<div class=\"wp-block-post-excerpt has-small-font-size\"><p class=\"wp-block-post-excerpt__excerpt\">Le Service de Pr\u00eat de Mat\u00e9riel Sanitaire (SPMS) a pour but d&rsquo;accroitre l&rsquo;autonomie et l&rsquo;ind\u00e9pendance des personnes limit\u00e9es par un handicap. Ce service offre de nombreuses possibilit\u00e9s pour aider les personnes \u00e0 leur sortie de l&rsquo;h\u00f4pital o\u00f9 vivant avec un handicap, m\u00eame l\u00e9ger : de la paire de b\u00e9quilles au<\/p><p class=\"wp-block-post-excerpt__more-text\"><a class=\"wp-block-post-excerpt__more-link\" href=\"https:\/\/www.croixrouge-jette.be\/nl\/services\/slmp\/\">&gt; Lees meer<\/a><\/p><\/div><\/div>\n<\/div>\n\n<\/li><li class=\"wp-block-post post-298 page type-page status-publish has-post-thumbnail hentry\">\n\n<div class=\"wp-block-columns are-vertically-aligned-center is-layout-flex wp-container-core-columns-is-layout-28f84493 wp-block-columns-is-layout-flex\">\n<div class=\"wp-block-column is-vertically-aligned-center is-layout-flow wp-block-column-is-layout-flow\"><figure class=\"wp-block-post-featured-image\"><a href=\"https:\/\/www.croixrouge-jette.be\/nl\/services\/hestia\/\" target=\"_self\"  ><img loading=\"lazy\" decoding=\"async\" width=\"1920\" height=\"1280\" src=\"https:\/\/www.croixrouge-jette.be\/wp-content\/uploads\/2022\/05\/hands-2906458_1920.jpg\" class=\"attachment-post-thumbnail size-post-thumbnail wp-post-image\" alt=\"Reliage\" style=\"object-fit:cover;\" srcset=\"https:\/\/www.croixrouge-jette.be\/wp-content\/uploads\/2022\/05\/hands-2906458_1920.jpg 1920w, https:\/\/www.croixrouge-jette.be\/wp-content\/uploads\/2022\/05\/hands-2906458_1920-300x200.jpg 300w, https:\/\/www.croixrouge-jette.be\/wp-content\/uploads\/2022\/05\/hands-2906458_1920-1024x683.jpg 1024w, https:\/\/www.croixrouge-jette.be\/wp-content\/uploads\/2022\/05\/hands-2906458_1920-768x512.jpg 768w, https:\/\/www.croixrouge-jette.be\/wp-content\/uploads\/2022\/05\/hands-2906458_1920-1536x1024.jpg 1536w, https:\/\/www.croixrouge-jette.be\/wp-content\/uploads\/2022\/05\/hands-2906458_1920-360x240.jpg 360w\" sizes=\"auto, (max-width: 1920px) 100vw, 1920px\" \/><\/a><\/figure><\/div>\n\n\n\n<div class=\"wp-block-column is-vertically-aligned-center is-layout-flow wp-block-column-is-layout-flow\"><h4 class=\"wp-block-post-title\"><a href=\"https:\/\/www.croixrouge-jette.be\/nl\/services\/hestia\/\" target=\"_self\" >Verbindend<\/a><\/h4>\n\n<div class=\"wp-block-post-excerpt has-small-font-size\"><p class=\"wp-block-post-excerpt__excerpt\">Si la solitude vous p\u00e8se, nos b\u00e9n\u00e9voles sont l\u00e0 pour vous rencontrer ! Offrez-vous l&rsquo;opportunit\u00e9 de discuter, partager un caf\u00e9, participer \u00e0 une activit\u00e9 ou une balade&#8230; tout simplement pour retrouver le bonheur de tisser des liens. Rencontres \u00e0 deux ou en groupe Nos b\u00e9n\u00e9voles vous rendent r\u00e9guli\u00e8rement visite pour<\/p><p class=\"wp-block-post-excerpt__more-text\"><a class=\"wp-block-post-excerpt__more-link\" href=\"https:\/\/www.croixrouge-jette.be\/nl\/services\/hestia\/\">&gt; Lees meer<\/a><\/p><\/div><\/div>\n<\/div>\n\n<\/li><li class=\"wp-block-post post-14 page type-page status-publish has-post-thumbnail hentry\">\n\n<div class=\"wp-block-columns are-vertically-aligned-center is-layout-flex wp-container-core-columns-is-layout-28f84493 wp-block-columns-is-layout-flex\">\n<div class=\"wp-block-column is-vertically-aligned-center is-layout-flow wp-block-column-is-layout-flow\"><figure class=\"wp-block-post-featured-image\"><a href=\"https:\/\/www.croixrouge-jette.be\/nl\/services\/sscr\/\" target=\"_self\"  ><img loading=\"lazy\" decoding=\"async\" width=\"2000\" height=\"1199\" src=\"https:\/\/www.croixrouge-jette.be\/wp-content\/uploads\/2022\/05\/cropped-opera_7TbuVaDgcC-1.png\" class=\"attachment-post-thumbnail size-post-thumbnail wp-post-image\" alt=\"Secours\" style=\"object-fit:cover;\" srcset=\"https:\/\/www.croixrouge-jette.be\/wp-content\/uploads\/2022\/05\/cropped-opera_7TbuVaDgcC-1.png 2000w, https:\/\/www.croixrouge-jette.be\/wp-content\/uploads\/2022\/05\/cropped-opera_7TbuVaDgcC-1-300x180.png 300w, https:\/\/www.croixrouge-jette.be\/wp-content\/uploads\/2022\/05\/cropped-opera_7TbuVaDgcC-1-1024x614.png 1024w, https:\/\/www.croixrouge-jette.be\/wp-content\/uploads\/2022\/05\/cropped-opera_7TbuVaDgcC-1-768x460.png 768w, https:\/\/www.croixrouge-jette.be\/wp-content\/uploads\/2022\/05\/cropped-opera_7TbuVaDgcC-1-1536x921.png 1536w\" sizes=\"auto, (max-width: 2000px) 100vw, 2000px\" \/><\/a><\/figure><\/div>\n\n\n\n<div class=\"wp-block-column is-vertically-aligned-center is-layout-flow wp-block-column-is-layout-flow\"><h4 class=\"wp-block-post-title\"><a href=\"https:\/\/www.croixrouge-jette.be\/nl\/services\/sscr\/\" target=\"_self\" >Hulpdienst<\/a><\/h4>\n\n<div class=\"wp-block-post-excerpt has-small-font-size\"><p class=\"wp-block-post-excerpt__excerpt\">Qu&rsquo;il s&rsquo;agisse d&rsquo;actions pr\u00e9ventives ou d&rsquo;op\u00e9rations d&rsquo;urgence, qu&rsquo;il s&rsquo;agisse du secours \u00e0&nbsp; une personne victime d&rsquo;une chute, d&rsquo;un malaise cardiaque ou d&rsquo;une h\u00e9morragie, la vingtaine de volontaires de notre Service Secours (S.S.C.R.) sont amen\u00e9s \u00e0&nbsp; travailler dans un \u00e9ventail vari\u00e9 de situations. Nous pouvons \u00eatre appel\u00e9s \u00e0&nbsp; tout moment, et<\/p><p class=\"wp-block-post-excerpt__more-text\"><a class=\"wp-block-post-excerpt__more-link\" href=\"https:\/\/www.croixrouge-jette.be\/nl\/services\/sscr\/\">&gt; Lees meer<\/a><\/p><\/div><\/div>\n<\/div>\n\n<\/li><\/ul>\n\n\n\n<\/div>","protected":false},"excerpt":{"rendered":"","protected":false},"author":3,"featured_media":0,"parent":0,"menu_order":1,"comment_status":"closed","ping_status":"closed","template":"","meta":{"footnotes":""},"class_list":["post-12","page","type-page","status-publish","hentry"],"_links":{"self":[{"href":"https:\/\/www.croixrouge-jette.be\/nl\/wp-json\/wp\/v2\/pages\/12","targetHints":{"allow":["GET"]}}],"collection":[{"href":"https:\/\/www.croixrouge-jette.be\/nl\/wp-json\/wp\/v2\/pages"}],"about":[{"href":"https:\/\/www.croixrouge-jette.be\/nl\/wp-json\/wp\/v2\/types\/page"}],"author":[{"embeddable":true,"href":"https:\/\/www.croixrouge-jette.be\/nl\/wp-json\/wp\/v2\/users\/3"}],"replies":[{"embeddable":true,"href":"https:\/\/www.croixrouge-jette.be\/nl\/wp-json\/wp\/v2\/comments?post=12"}],"version-history":[{"count":13,"href":"https:\/\/www.croixrouge-jette.be\/nl\/wp-json\/wp\/v2\/pages\/12\/revisions"}],"predecessor-version":[{"id":712,"href":"https:\/\/www.croixrouge-jette.be\/nl\/wp-json\/wp\/v2\/pages\/12\/revisions\/712"}],"wp:attachment":[{"href":"https:\/\/www.croixrouge-jette.be\/nl\/wp-json\/wp\/v2\/media?parent=12"}],"curies":[{"name":"wp","href":"https:\/\/api.w.org\/{rel}","templated":true}]}}