{"id":298,"date":"2022-05-25T14:35:49","date_gmt":"2022-05-25T12:35:49","guid":{"rendered":"http:\/\/croixrf.cluster031.hosting.ovh.net\/?page_id=298"},"modified":"2025-04-07T23:05:28","modified_gmt":"2025-04-07T21:05:28","slug":"hestia","status":"publish","type":"page","link":"http:\/\/www.croixrouge-jette.be\/fr\/services\/hestia\/","title":{"rendered":"Reliage"},"content":{"rendered":"\n<div class=\"wp-block-columns alignwide are-vertically-aligned-center is-layout-flex wp-container-core-columns-is-layout-28f84493 wp-block-columns-is-layout-flex\">\n<div class=\"wp-block-column is-vertically-aligned-center is-layout-flow wp-block-column-is-layout-flow\">\n<p class=\"has-text-align-right\"><a href=\".\/..\/..\">\u2302 Accueil<\/a> &gt; <a href=\".\/..\">Services<\/a><\/p>\n<\/div>\n<\/div>\n\n\n\n<div class=\"wp-block-group is-content-justification-right is-layout-flex wp-container-core-group-is-layout-a7f99caf wp-block-group-is-layout-flex\">\n<p><strong><mark style=\"background-color:rgba(0, 0, 0, 0);color:#ed1c24\" class=\"has-inline-color\">Contact <\/mark><mark style=\"background-color:rgba(0, 0, 0, 0)\" class=\"has-inline-color has-vivid-red-color\">:<\/mark><\/strong><\/p>\n\n\n\n<p><em>Abdelaziz EL OUAHABI<\/em><\/p>\n\n\n\n<p><strong><mark style=\"background-color:rgba(0, 0, 0, 0)\" class=\"has-inline-color has-cyan-bluish-gray-color\">|<\/mark><\/strong>    +32 494 51 65 21<strong>   <mark style=\"background-color:rgba(0, 0, 0, 0)\" class=\"has-inline-color has-cyan-bluish-gray-color\">|<\/mark><\/strong><\/p>\n\n\n\n<p><a href=\"mailto:reliage.sl.jette@croix-rouge.be\">reliage.sl.jette@croix-rouge.be<\/a><\/p>\n<\/div>\n\n\n\n<hr class=\"wp-block-separator has-css-opacity is-style-wide\"\/>\n\n\n\n<div class=\"wp-block-columns are-vertically-aligned-center is-layout-flex wp-container-core-columns-is-layout-28f84493 wp-block-columns-is-layout-flex\">\n<div class=\"wp-block-column is-vertically-aligned-center is-layout-flow wp-block-column-is-layout-flow\">\n<p>Si la solitude vous p\u00e8se, nos b\u00e9n\u00e9voles sont l\u00e0 pour vous rencontrer ! Offrez-vous l&rsquo;opportunit\u00e9 de discuter, partager un caf\u00e9, participer \u00e0 une activit\u00e9 ou une balade&#8230; tout simplement pour retrouver le bonheur de tisser des liens. Rencontres \u00e0 deux ou en groupe<\/p>\n\n\n\n<p>Nos b\u00e9n\u00e9voles vous rendent r\u00e9guli\u00e8rement visite pour passer du temps avec vous. Des moments simples et chaleureux pour explorer de nouvelles opportunit\u00e9s de rencontre et red\u00e9couvrir des activit\u00e9s enrichissantes pour vous.<\/p>\n<\/div>\n\n\n\n<div class=\"wp-block-column is-vertically-aligned-center is-layout-flow wp-block-column-is-layout-flow\"><div class=\"wp-block-image\">\n<figure class=\"alignright size-full\"><img loading=\"lazy\" decoding=\"async\" width=\"640\" height=\"354\" src=\"http:\/\/www.croixrouge-jette.be\/wp-content\/uploads\/2023\/11\/bench-309646_640.png\" alt=\"\" class=\"wp-image-1112\" srcset=\"https:\/\/www.croixrouge-jette.be\/wp-content\/uploads\/2023\/11\/bench-309646_640.png 640w, https:\/\/www.croixrouge-jette.be\/wp-content\/uploads\/2023\/11\/bench-309646_640-300x166.png 300w, https:\/\/www.croixrouge-jette.be\/wp-content\/uploads\/2023\/11\/bench-309646_640-18x10.png 18w\" sizes=\"auto, (max-width: 640px) 100vw, 640px\" \/><\/figure>\n<\/div><\/div>\n<\/div>\n\n\n\n<div style=\"height:100px\" aria-hidden=\"true\" class=\"wp-block-spacer\"><\/div>\n","protected":false},"excerpt":{"rendered":"<p>Si la solitude vous p\u00e8se, nos b\u00e9n\u00e9voles sont l\u00e0 pour vous rencontrer ! Offrez-vous l&rsquo;opportunit\u00e9 de discuter, partager un caf\u00e9, participer \u00e0 une activit\u00e9 ou une balade&#8230; tout simplement pour retrouver le bonheur de tisser des liens. Rencontres \u00e0 deux ou en groupe Nos b\u00e9n\u00e9voles vous rendent r\u00e9guli\u00e8rement visite pour [&hellip;]<\/p>\n","protected":false},"author":4,"featured_media":736,"parent":12,"menu_order":4,"comment_status":"closed","ping_status":"closed","template":"","meta":{"footnotes":""},"class_list":["post-298","page","type-page","status-publish","has-post-thumbnail","hentry"],"_links":{"self":[{"href":"http:\/\/www.croixrouge-jette.be\/fr\/wp-json\/wp\/v2\/pages\/298","targetHints":{"allow":["GET"]}}],"collection":[{"href":"http:\/\/www.croixrouge-jette.be\/fr\/wp-json\/wp\/v2\/pages"}],"about":[{"href":"http:\/\/www.croixrouge-jette.be\/fr\/wp-json\/wp\/v2\/types\/page"}],"author":[{"embeddable":true,"href":"http:\/\/www.croixrouge-jette.be\/fr\/wp-json\/wp\/v2\/users\/4"}],"replies":[{"embeddable":true,"href":"http:\/\/www.croixrouge-jette.be\/fr\/wp-json\/wp\/v2\/comments?post=298"}],"version-history":[{"count":5,"href":"http:\/\/www.croixrouge-jette.be\/fr\/wp-json\/wp\/v2\/pages\/298\/revisions"}],"predecessor-version":[{"id":1140,"href":"http:\/\/www.croixrouge-jette.be\/fr\/wp-json\/wp\/v2\/pages\/298\/revisions\/1140"}],"up":[{"embeddable":true,"href":"http:\/\/www.croixrouge-jette.be\/fr\/wp-json\/wp\/v2\/pages\/12"}],"wp:featuredmedia":[{"embeddable":true,"href":"http:\/\/www.croixrouge-jette.be\/fr\/wp-json\/wp\/v2\/media\/736"}],"wp:attachment":[{"href":"http:\/\/www.croixrouge-jette.be\/fr\/wp-json\/wp\/v2\/media?parent=298"}],"curies":[{"name":"wp","href":"https:\/\/api.w.org\/{rel}","templated":true}]}}